{"id":50,"date":"2016-03-13T20:03:05","date_gmt":"2016-03-13T19:03:05","guid":{"rendered":"http:\/\/localhost\/esc\/?page_id=50"},"modified":"2025-11-11T01:40:36","modified_gmt":"2025-11-11T00:40:36","slug":"die-weihnachtsblitzsieger","status":"publish","type":"page","link":"https:\/\/www.elmshorner-schachclub.de\/index.php\/vereinsleben\/die-weihnachtsblitzsieger\/","title":{"rendered":"Die Weihnachtsblitzsieger"},"content":{"rendered":"<p>1973 Klaus van\u00a0Riesen<\/p>\n<p>1974 Klaus van Riesen<\/p>\n<p>1975 Kr\u00f6ncke<\/p>\n<p>1976 Peter Meier<\/p>\n<p>1977 Klaus Van Riesen<\/p>\n<p>1978 Adolf Sch\u00e4dlich<\/p>\n<p>1979 Peter Meier<\/p>\n<p>1980 Peter Meier<\/p>\n<p>1981 Herbert Kr\u00f6ger \/ Klaus van Riesen<\/p>\n<p>1982 Gunther Sosna<\/p>\n<p>1983 Alfred Janotta \/ Torsten Noldt \/ Adolf Sch\u00e4dlich<\/p>\n<p>1984 Klaus van Riesen<\/p>\n<p>1985 Rainer Lipp<\/p>\n<p>1986 Adolf Sch\u00e4dlich \/ Torsten Noldt \/ Heiko Spaan<\/p>\n<p>1987 Rainer Lipp<\/p>\n<p>1988 Torsten Noldt<\/p>\n<p>1989 Torsten Noldt<\/p>\n<p>1990 Torsten Noldt<\/p>\n<p>1991 Torsten Noldt<\/p>\n<p>1992 Heiko Spaan<\/p>\n<p>1993 Nico Cattus<\/p>\n<p>1994 Nico Cattus<\/p>\n<p>1995 Heiko Spaan \/ Torsten Noldt \/ Frank Ziegler<\/p>\n<p>1996 Michael Schneider<\/p>\n<p>1997 Torsten Noldt \/ Heiko Spaan<\/p>\n<p>1998 Torsten Noldt \/ Heiko Spaan<\/p>\n<p>1999 Torsten Noldt<\/p>\n<p>2000 Torsten Noldt<\/p>\n<p>2001 Torsten Noldt<\/p>\n<p>2002 Torsten Noldt<\/p>\n<p>2003 Heiko Spaan<\/p>\n<p>2004 Torsten Noldt<\/p>\n<p>2005 Heiko Spaan<\/p>\n<p>2006 Heiko Spaan<\/p>\n<p>2007 Heiko Spaan<\/p>\n<p>2008 Arne K\u00e4hler<\/p>\n<p>2009 Isaak Falke<\/p>\n<p>2010 Isaak Falke \/ Stefan Patzer<\/p>\n<p>2011 Helge Magnussen<\/p>\n<p>2012<\/p>\n<p>2013 Isaak Falke<\/p>\n<p>2014 Emil Powierski<\/p>\n<p>2015<\/p>\n<p>2016<\/p>\n<p>2017 Isaak Falke<\/p>\n","protected":false},"excerpt":{"rendered":"<p>1973 Klaus van\u00a0Riesen 1974 Klaus van Riesen 1975 Kr\u00f6ncke 1976 Peter Meier 1977 Klaus Van Riesen 1978 Adolf Sch\u00e4dlich 1979 Peter Meier 1980 Peter Meier 1981 Herbert Kr\u00f6ger \/ Klaus van Riesen 1982 Gunther Sosna 1983 Alfred Janotta \/ Torsten Noldt \/ Adolf Sch\u00e4dlich 1984 Klaus van Riesen 1985 Rainer Lipp 1986 Adolf Sch\u00e4dlich \/ [&hellip;]<\/p>\n","protected":false},"author":2,"featured_media":0,"parent":15,"menu_order":12,"comment_status":"closed","ping_status":"closed","template":"","meta":{"_bbp_topic_count":0,"_bbp_reply_count":0,"_bbp_total_topic_count":0,"_bbp_total_reply_count":0,"_bbp_voice_count":0,"_bbp_anonymous_reply_count":0,"_bbp_topic_count_hidden":0,"_bbp_reply_count_hidden":0,"_bbp_forum_subforum_count":0,"footnotes":""},"class_list":["post-50","page","type-page","status-publish","hentry"],"_links":{"self":[{"href":"https:\/\/www.elmshorner-schachclub.de\/index.php\/wp-json\/wp\/v2\/pages\/50","targetHints":{"allow":["GET"]}}],"collection":[{"href":"https:\/\/www.elmshorner-schachclub.de\/index.php\/wp-json\/wp\/v2\/pages"}],"about":[{"href":"https:\/\/www.elmshorner-schachclub.de\/index.php\/wp-json\/wp\/v2\/types\/page"}],"author":[{"embeddable":true,"href":"https:\/\/www.elmshorner-schachclub.de\/index.php\/wp-json\/wp\/v2\/users\/2"}],"replies":[{"embeddable":true,"href":"https:\/\/www.elmshorner-schachclub.de\/index.php\/wp-json\/wp\/v2\/comments?post=50"}],"version-history":[{"count":4,"href":"https:\/\/www.elmshorner-schachclub.de\/index.php\/wp-json\/wp\/v2\/pages\/50\/revisions"}],"predecessor-version":[{"id":869,"href":"https:\/\/www.elmshorner-schachclub.de\/index.php\/wp-json\/wp\/v2\/pages\/50\/revisions\/869"}],"up":[{"embeddable":true,"href":"https:\/\/www.elmshorner-schachclub.de\/index.php\/wp-json\/wp\/v2\/pages\/15"}],"wp:attachment":[{"href":"https:\/\/www.elmshorner-schachclub.de\/index.php\/wp-json\/wp\/v2\/media?parent=50"}],"curies":[{"name":"wp","href":"https:\/\/api.w.org\/{rel}","templated":true}]}}