{"id":39,"date":"2016-03-13T19:45:38","date_gmt":"2016-03-13T18:45:38","guid":{"rendered":"http:\/\/localhost\/esc\/?page_id=39"},"modified":"2025-11-22T15:18:37","modified_gmt":"2025-11-22T14:18:37","slug":"die-vereinsmeister","status":"publish","type":"page","link":"https:\/\/www.elmshorner-schachclub.de\/index.php\/vereinsleben\/die-vereinsmeister\/","title":{"rendered":"Jahres-meister und -sieger"},"content":{"rendered":"\n<figure class=\"wp-block-table is-style-stripes\"><table><tbody><tr><td><strong><mark style=\"background-color:#000000\" class=\"has-inline-color has-white-color\"> Jahr <\/mark><\/strong><\/td><td><strong><mark style=\"background-color:#000000\" class=\"has-inline-color has-white-color\"> Vereinsmeister <\/mark><\/strong><\/td><td><strong><mark style=\"background-color:#000000\" class=\"has-inline-color has-white-color\"> Blitzmeister <\/mark><\/strong><\/td><td><strong><mark style=\"background-color:#000000\" class=\"has-inline-color has-white-color\"> Pokalsieger <\/mark><\/strong><\/td><td><strong><mark style=\"background-color:#000000\" class=\"has-inline-color has-white-color\"> Tandemmeister <\/mark><\/strong><\/td><\/tr><tr><td>2025<\/td><td>Sadeghpour, Alireza<\/td><td>\u00a0Fleischer, Andy<\/td><td>&nbsp;<\/td><td>&nbsp;<\/td><\/tr><tr><td>2024<\/td><td>Noldt, Torsten&nbsp;<\/td><td>\u00a0\u00a0G\u00fcnther,Patrick<\/td><td>&nbsp;<\/td><td>&nbsp;<\/td><\/tr><tr><td>2023<\/td><td>Noldt, Torsten<\/td><td>&nbsp;<\/td><td>&nbsp;G\u00fcnther,Patrick<\/td><td>&nbsp;<\/td><\/tr><tr><td>2022<\/td><td>Fleischer, Andy<\/td><td>&nbsp;<\/td><td>&nbsp;G\u00fcnther,Patrick<\/td><td>&nbsp;<\/td><\/tr><tr><td>2021<\/td><td>&nbsp;<\/td><td>&nbsp;<\/td><td>&nbsp;<\/td><td>&nbsp;<\/td><\/tr><tr><td>2020<\/td><td>&nbsp;<\/td><td>&nbsp;<\/td><td>&nbsp;<\/td><td>&nbsp;<\/td><\/tr><tr><td>2019<\/td><td>&nbsp;<\/td><td>&nbsp;<\/td><td>&nbsp;<\/td><td>&nbsp;<\/td><\/tr><tr><td>2018<\/td><td>Cording, Harm<\/td><td>&nbsp;<\/td><td>&nbsp;<\/td><td>&nbsp;<\/td><\/tr><tr><td>2017<\/td><td>Noldt, Torsten<\/td><td>Lutzke, Wim Dr.<\/td><td>Lutzke, Dr. Wim<\/td><td>&nbsp;<\/td><\/tr><tr><td>2016<\/td><td>Cording, Harm<\/td><td>Fleischer, Andy<\/td><td>Falke, Isaak<\/td><td>&nbsp;<\/td><\/tr><tr><td>2015<\/td><td>&nbsp;<\/td><td>Schwittay, Arnim<\/td><td>Fleischer, Andy<\/td><td>&nbsp;<\/td><\/tr><tr><td>2014<\/td><td>Noldt, Torsten<\/td><td>&nbsp;<\/td><td>Rohde, Patrick<\/td><td>&nbsp;<\/td><\/tr><tr><td>2013<\/td><td>Ivens, Birger<\/td><td>&nbsp;<\/td><td>Falke, Isaak<\/td><td>&nbsp;<\/td><\/tr><tr><td>2012<\/td><td>Noldt, Torsten<\/td><td>Lutzke, Wim Dr.<\/td><td>Wozny, Michael<\/td><td>&nbsp;<\/td><\/tr><tr><td>2011<\/td><td>Cording, Harm<\/td><td>Ibs, Malte<\/td><td>Cording, Harm<\/td><td>&nbsp;<\/td><\/tr><tr><td>2010<\/td><td>Cording, Harm<\/td><td>Schwittay, Arnim<\/td><td>Falke, Isaak<\/td><td>Schneider, Michael \/ Patzer, Stefan<\/td><\/tr><tr><td>2009<\/td><td>Magnussen, Helge<\/td><td>Schwittay, Arnim<\/td><td>Falke, Isaak<\/td><td>Schwittay, Arnim \/ Spaan, Heiko<\/td><\/tr><tr><td>2008<\/td><td>Ivens, Birger<\/td><td>Spaan, Heiko<\/td><td>Schneider, Michael<\/td><td>Patzer, Stefan \/ Ibs, Malte<\/td><\/tr><tr><td>2007<\/td><td>Cording, Harm<\/td><td>Lutzke, Wim Dr.<\/td><td>Lutzke, Dr. Wim<\/td><td>Schwittay, Arnim \/ Spaan, Heiko<\/td><\/tr><tr><td>2006<\/td><td>Schneider, Michael<\/td><td>Patzer, Stefan<\/td><td>Noldt, Torsten<\/td><td>Schwittay, Arnim \/ Spaan, Heiko<\/td><\/tr><tr><td>2005<\/td><td>Schneider, Michael<\/td><td>K\u00e4hler, Arne<\/td><td>Jahncke, Giso<\/td><td>Schwittay, Arnim \/ Spaan, Heiko<\/td><\/tr><tr><td>2004<\/td><td>Tamm, Kay<\/td><td>Schneider, Michael<\/td><td>Ivens, Birger<\/td><td>Ibs, Malte \/ Patzer, Stefan<\/td><\/tr><tr><td>2003<\/td><td>Cording, Harm<\/td><td>Spaan, Heiko<\/td><td>Ivens, Birger<\/td><td>Schneider, Michael \/ Ibs, Malte<\/td><\/tr><tr><td>2002<\/td><td>Noldt, Torsten<\/td><td>Spaan, Heiko<\/td><td>Noldt, Torsten<\/td><td>Schwittay, Arnim \/ Spaan, Heiko<\/td><\/tr><tr><td>2001<\/td><td>Kuhlmann, Wolfgang<\/td><td>Kakoschke, Dieter<\/td><td>Schneider, Michael<\/td><td>K\u00f6lln, Stephan \/ Spaan, Heiko<\/td><\/tr><tr><td>2000<\/td><td>Tamm, Kay<\/td><td>Huckschlag, Bernd<\/td><td>Schneider, Michael<\/td><td>&nbsp;<\/td><\/tr><tr><td>1999<\/td><td>Schneider, Michael<\/td><td>Schneider, Michael<\/td><td>Tell, Michael<\/td><td>K\u00f6lln, Stephan \/ Spaan, Heiko<\/td><\/tr><tr><td>1998<\/td><td>Cattus, Nico<\/td><td>Spaan, Heiko<\/td><td>Sosna, Gunther<\/td><td>K\u00f6lln, Stephan \/ Spaan, Heiko<\/td><\/tr><tr><td>1997<\/td><td>Schneider, Michael<\/td><td>Schneider, Michael<\/td><td>Sosna, Volker<\/td><td>K\u00f6lln, Stephan \/ Spaan, Heiko<\/td><\/tr><tr><td>1996<\/td><td>Noldt, Torsten<\/td><td>Spaan, Heiko<\/td><td>Sosna, Volker<\/td><td>K\u00f6lln, Stephan \/ Spaan, Heiko<\/td><\/tr><tr><td>1995<\/td><td>Cattus, Nico<\/td><td>Noldt, Torsten<\/td><td>Cattus, Nico<\/td><td>K\u00f6lln, Stephan \/ Spaan, Heiko<\/td><\/tr><tr><td>1994<\/td><td>Cattus, Nico<\/td><td>Noldt, Torsten<\/td><td>Cattus, Nico<\/td><td>Spaan, Heiko \/ Perszewski, Steffen<\/td><\/tr><tr><td>1993<\/td><td>Cattus, Nico<\/td><td>Noldt, Torsten<\/td><td>Noldt, Torsten<\/td><td>Spaan, Heiko \/ Perszewski, Steffen<\/td><\/tr><tr><td>1992<\/td><td>Cattus, Nico<\/td><td>Spaan, Heiko<\/td><td>Noldt, Torsten<\/td><td>Spaan, Heiko \/ Perszewski, Steffen<\/td><\/tr><tr><td>1991<\/td><td>Noldt, Torsten<\/td><td>Spaan, Heiko<\/td><td>Cattus, Nico<\/td><td>Spaan, Heiko \/ Chowhdry, Gerhard<\/td><\/tr><tr><td>1990<\/td><td>Cattus, Nico<\/td><td>Spaan, Heiko<\/td><td>Josuttis, Volker<\/td><td>Spaan, Heiko \/ Josuttis, Volker<\/td><\/tr><tr><td>1989<\/td><td>Sch\u00e4dlich, Adolf<\/td><td>Noldt, Torsten<\/td><td>R\u00f6nn, Michael<\/td><td>Spaan, Heiko \/ Josuttis, Volker<\/td><\/tr><tr><td>1988<\/td><td>Sch\u00e4dlich, Adolf<\/td><td>Spaan, Heiko<\/td><td>Cattus, Nico<\/td><td>&nbsp;<\/td><\/tr><tr><td>1987<\/td><td>Sch\u00e4dlich, Adolf<\/td><td>Spaan, Heiko<\/td><td>Noldt, Torsten<\/td><td>&nbsp;<\/td><\/tr><tr><td>1986<\/td><td>Fechtner, Arnfried<\/td><td>Spaan, Heiko<\/td><td>Lipp, Rainer<\/td><td>&nbsp;<\/td><\/tr><tr><td>1985<\/td><td>Dipp, Rainer<\/td><td>van Riesen, Klaus<\/td><td>Sch\u00e4dlich, Adolf<\/td><td>&nbsp;<\/td><\/tr><tr><td>1984<\/td><td>Lipp, Rainer<\/td><td>Spaan, Heiko<\/td><td>Noldt, Torsten<\/td><td>&nbsp;<\/td><\/tr><tr><td>1983<\/td><td>Noldt, Torsten<\/td><td>Noldt, S\u00f6nke<\/td><td>Janotta, Alfred<\/td><td>&nbsp;<\/td><\/tr><tr><td>1982<\/td><td>Meier, Volker<\/td><td>Sch\u00e4dlich, Adolf<\/td><td>Steinwender, Dieter<\/td><td>&nbsp;<\/td><\/tr><tr><td>1981<\/td><td>Sch\u00e4dlich, Adolf<\/td><td>Sch\u00e4dlich, Adolf<\/td><td>Noldt, Torsten<\/td><td>&nbsp;<\/td><\/tr><tr><td>1980<\/td><td>Sch\u00e4dlich, Adolf<\/td><td>Sch\u00e4dlich, Adolf<\/td><td>Noldt, Torsten<\/td><td>&nbsp;<\/td><\/tr><tr><td>1979<\/td><td>Sch\u00e4dlich, Adolf<\/td><td>&nbsp;<\/td><td>Scheller, Claus-Dieter<\/td><td>&nbsp;<\/td><\/tr><tr><td>1978<\/td><td>Sch\u00e4dlich, Adolf<\/td><td>&nbsp;<\/td><td>Seipel, Hartmut<\/td><td>&nbsp;<\/td><\/tr><tr><td>1977<\/td><td>Steinwender, Dieter<\/td><td>&nbsp;<\/td><td>Meier, Peter<\/td><td>&nbsp;<\/td><\/tr><tr><td>1976<\/td><td>Seipel, Hartmut<\/td><td>&nbsp;<\/td><td>Sch\u00e4dlich, Adolf<\/td><td>&nbsp;<\/td><\/tr><tr><td>1975<\/td><td>Gralla, Rene<\/td><td>Janotta, Alfred<\/td><td>Gralla, Rene<\/td><td>&nbsp;<\/td><\/tr><tr><td>1974<\/td><td>van, Klaus<\/td><td>Hahn, Rolf<\/td><td>&nbsp;<\/td><td>&nbsp;<\/td><\/tr><tr><td>1973<\/td><td>Sch\u00e4dlich, Adolf<\/td><td>Janotta, Alfred<\/td><td>&nbsp;<\/td><td>&nbsp;<\/td><\/tr><tr><td>1972<\/td><td>Sch\u00e4dlich, Adolf<\/td><td>&nbsp;<\/td><td>Sch\u00e4dlich, Adolf<\/td><td>&nbsp;<\/td><\/tr><tr><td>1971<\/td><td>Sch\u00e4dlich, Adolf<\/td><td>&nbsp;<\/td><td>&nbsp;<\/td><td>&nbsp;<\/td><\/tr><tr><td>1970<\/td><td>Sch\u00e4dlich, Adolf<\/td><td>&nbsp;<\/td><td>&nbsp;<\/td><td>&nbsp;<\/td><\/tr><tr><td>1969<\/td><td>Sch\u00e4dlich, Adolf<\/td><td>Sch\u00e4dlich, Adolf<\/td><td>&nbsp;<\/td><td>&nbsp;<\/td><\/tr><tr><td>1968<\/td><td>van, Klaus<\/td><td>&nbsp;<\/td><td>&nbsp;<\/td><td>&nbsp;<\/td><\/tr><tr><td>1967<\/td><td>Sch\u00e4dlich, Adolf<\/td><td>van Riesen, Klaus<\/td><td>&nbsp;<\/td><td>&nbsp;<\/td><\/tr><tr><td>1966<\/td><td>Sch\u00e4dlich, Adolf<\/td><td>&nbsp;<\/td><td>&nbsp;<\/td><td>&nbsp;<\/td><\/tr><tr><td>1965<\/td><td>van, Klaus<\/td><td>&nbsp;<\/td><td>&nbsp;<\/td><td>&nbsp;<\/td><\/tr><tr><td>1964<\/td><td>Sch\u00e4dlich, Adolf<\/td><td>Sch\u00e4dlich, Adolf<\/td><td>Sch\u00e4dlich, Adolf<\/td><td>&nbsp;<\/td><\/tr><tr><td>1963<\/td><td>Janotta, Alfred<\/td><td>Sch\u00e4dlich, Adolf<\/td><td>Gunia, Wilhelm<\/td><td>&nbsp;<\/td><\/tr><tr><td>1962<\/td><td>Gunia, Wilhelm<\/td><td>Janotta, Alfred<\/td><td>Sch\u00e4dlich, Adolf<\/td><td>&nbsp;<\/td><\/tr><tr><td>1961<\/td><td>Sch\u00e4dlich, Adolf<\/td><td>Janotta, Alfred<\/td><td>Sch\u00e4dlich, Adolf<\/td><td>&nbsp;<\/td><\/tr><tr><td>1960<\/td><td>Sch\u00e4dlich, Adolf<\/td><td>Sch\u00e4dlich, Adolf<\/td><td>Sch\u00e4dlich, Adolf<\/td><td>&nbsp;<\/td><\/tr><tr><td>1959<\/td><td>Janotta, Alfred<\/td><td>Janotta, Alfred<\/td><td>&nbsp;<\/td><td>&nbsp;<\/td><\/tr><tr><td>1957<\/td><td>Sch\u00e4dlich, Adolf<\/td><td>&nbsp;<\/td><td>&nbsp;<\/td><td>&nbsp;<\/td><\/tr><tr><td>1956<\/td><td>Sch\u00e4dlich, Adolf<\/td><td>&nbsp;<\/td><td>&nbsp;<\/td><td>&nbsp;<\/td><\/tr><tr><td>1955<\/td><td>Voelzke, Siegfried<\/td><td>Voelzke, Siegfried<\/td><td>Voelzke, Siegfried<\/td><td>&nbsp;<\/td><\/tr><tr><td>1954<\/td><td>Voelzke, Siegfried<\/td><td>Voelzke, Siegfried<\/td><td>Voelzke, Siegfried<\/td><td>&nbsp;<\/td><\/tr><tr><td>1953<\/td><td>Voelzke, Siegfried<\/td><td>Voelzke, Siegfried<\/td><td>Voelzke, Siegfried<\/td><td>&nbsp;<\/td><\/tr><tr><td>1952<\/td><td>Voelzke, Siegfried<\/td><td>Voelzke, Siegfried<\/td><td>Voelzke, Siegfried<\/td><td>&nbsp;<\/td><\/tr><tr><td>1951<\/td><td>Voelzke, Siegfried<\/td><td>Voelzke, Siegfried<\/td><td>Voelzke, Siegfried<\/td><td>&nbsp;<\/td><\/tr><tr><td>1950<\/td><td>Scheffler, Helmut<\/td><td>&nbsp;<\/td><td>&nbsp;<\/td><td>&nbsp;<\/td><\/tr><tr><td>1949<\/td><td>Schultz, Hans<\/td><td>Sch\u00e4dlich, Adolf<\/td><td>Sch\u00e4dlich, Adolf<\/td><td>&nbsp;<\/td><\/tr><tr><td>1948<\/td><td>Sch\u00e4dlich, Adolf<\/td><td>Sch\u00e4dlich, Adolf<\/td><td>Cronsnest, Dr.<\/td><td>&nbsp;<\/td><\/tr><tr><td>1947<\/td><td>Scheffler, Helmut<\/td><td>Schultz, Hans<\/td><td>&nbsp;<\/td><td>&nbsp;<\/td><\/tr><tr><td>1946<\/td><td>G\u00f6r\u00df, Albert<\/td><td>Sch\u00e4dlich, Adolf<\/td><td>&nbsp;<\/td><td>&nbsp;<\/td><\/tr><tr><td>1945<\/td><td>Sch\u00e4dlich, Adolf<\/td><td>&nbsp;<\/td><td>&nbsp;<\/td><td>&nbsp;<\/td><\/tr><tr><td>1943<\/td><td>Sch\u00e4dlich, Adolf<\/td><td>Sch\u00e4dlich, Adolf<\/td><td>&nbsp;<\/td><td>&nbsp;<\/td><\/tr><tr><td>1942<\/td><td>G\u00f6r\u00df, Albert<\/td><td>Schl\u00fcter, Heinrich<\/td><td>&nbsp;<\/td><td>&nbsp;<\/td><\/tr><tr><td>1938<\/td><td>&nbsp;<\/td><td>Schl\u00fcter, Heinrich<\/td><td>&nbsp;<\/td><td>&nbsp;<\/td><\/tr><tr><td>1937<\/td><td>&nbsp;<\/td><td>Schl\u00fcter, Heinrich<\/td><td>&nbsp;<\/td><td>&nbsp;<\/td><\/tr><tr><td>1934<\/td><td>G\u00f6r\u00df, Albert<\/td><td>&nbsp;<\/td><td>&nbsp;<\/td><td>&nbsp;<\/td><\/tr><tr><td>1911\/1913<\/td><td>Schwarz, Heinrich<\/td><td>&nbsp;<\/td><td>&nbsp;<\/td><td>&nbsp;<\/td><\/tr><tr><td>1908\/1909<\/td><td>Schwarz, Heinrich<\/td><td>&nbsp;<\/td><td>&nbsp;<\/td><td>&nbsp;<\/td><\/tr><tr><td>1897<\/td><td>Schwarz, Heinrich<\/td><td>&nbsp;<\/td><td>&nbsp;<\/td><td>&nbsp;<\/td><\/tr><tr><td>1896<\/td><td>Schwarz, Heinrich<\/td><td>&nbsp;<\/td><td>&nbsp;<\/td><td>&nbsp;<\/td><\/tr><\/tbody><\/table><\/figure>\n","protected":false},"excerpt":{"rendered":"<p>Jahr Vereinsmeister Blitzmeister Pokalsieger Tandemmeister 2025 Sadeghpour, Alireza \u00a0Fleischer, Andy &nbsp; &nbsp; 2024 Noldt, Torsten&nbsp; \u00a0\u00a0G\u00fcnther,Patrick &nbsp; &nbsp; 2023 Noldt, Torsten &nbsp; &nbsp;G\u00fcnther,Patrick &nbsp; 2022 Fleischer, Andy &nbsp; &nbsp;G\u00fcnther,Patrick &nbsp; 2021 &nbsp; &nbsp; &nbsp; &nbsp; 2020 &nbsp; &nbsp; &nbsp; &nbsp; 2019 &nbsp; &nbsp; &nbsp; &nbsp; 2018 Cording, Harm &nbsp; &nbsp; &nbsp; 2017 Noldt, Torsten Lutzke, [&hellip;]<\/p>\n","protected":false},"author":2,"featured_media":0,"parent":15,"menu_order":8,"comment_status":"closed","ping_status":"closed","template":"","meta":{"_bbp_topic_count":0,"_bbp_reply_count":0,"_bbp_total_topic_count":0,"_bbp_total_reply_count":0,"_bbp_voice_count":0,"_bbp_anonymous_reply_count":0,"_bbp_topic_count_hidden":0,"_bbp_reply_count_hidden":0,"_bbp_forum_subforum_count":0,"footnotes":""},"class_list":["post-39","page","type-page","status-publish","hentry"],"_links":{"self":[{"href":"https:\/\/www.elmshorner-schachclub.de\/index.php\/wp-json\/wp\/v2\/pages\/39","targetHints":{"allow":["GET"]}}],"collection":[{"href":"https:\/\/www.elmshorner-schachclub.de\/index.php\/wp-json\/wp\/v2\/pages"}],"about":[{"href":"https:\/\/www.elmshorner-schachclub.de\/index.php\/wp-json\/wp\/v2\/types\/page"}],"author":[{"embeddable":true,"href":"https:\/\/www.elmshorner-schachclub.de\/index.php\/wp-json\/wp\/v2\/users\/2"}],"replies":[{"embeddable":true,"href":"https:\/\/www.elmshorner-schachclub.de\/index.php\/wp-json\/wp\/v2\/comments?post=39"}],"version-history":[{"count":18,"href":"https:\/\/www.elmshorner-schachclub.de\/index.php\/wp-json\/wp\/v2\/pages\/39\/revisions"}],"predecessor-version":[{"id":5404,"href":"https:\/\/www.elmshorner-schachclub.de\/index.php\/wp-json\/wp\/v2\/pages\/39\/revisions\/5404"}],"up":[{"embeddable":true,"href":"https:\/\/www.elmshorner-schachclub.de\/index.php\/wp-json\/wp\/v2\/pages\/15"}],"wp:attachment":[{"href":"https:\/\/www.elmshorner-schachclub.de\/index.php\/wp-json\/wp\/v2\/media?parent=39"}],"curies":[{"name":"wp","href":"https:\/\/api.w.org\/{rel}","templated":true}]}}