{"id":32,"date":"2016-03-13T19:40:09","date_gmt":"2016-03-13T18:40:09","guid":{"rendered":"http:\/\/localhost\/esc\/?page_id=32"},"modified":"2025-11-11T01:40:18","modified_gmt":"2025-11-11T00:40:18","slug":"downloads","status":"publish","type":"page","link":"https:\/\/www.elmshorner-schachclub.de\/index.php\/vereinsleben\/downloads\/","title":{"rendered":"Formulare"},"content":{"rendered":"<h2>Eintrittserkl\u00e4rung<\/h2>\n<p>Sie\/Du m\u00f6chten\/m\u00f6chtest dem Elmshorner Schachclub als Mitglied beitreten ?<\/p>\n<p>Dann k\u00f6nnen\/kannst Sie\/Du die angeh\u00e4ngte pdf-Datei ausdrucken, sorgf\u00e4ltig in Druckbuchstaben ausf\u00fcllen, unterschreiben und anschlie\u00dfend einem Vorstandsmitglied zukommen lassen.<br \/>\n<a href=\"https:\/\/www.elmshorner-schachclub.de\/wp-content\/uploads\/2016\/03\/ESC-Eintrittserkl\u00e4rung-2021.pdf\" rel=\"\">ESC Eintrittserkl\u00e4rung<\/a><\/p>\n<h2>Der Kostenerstattungsantrag<\/h2>\n<p>Du hast Aufwendungen f\u00fcr den Elmshorner Schachclub verauslagt und m\u00f6chtest sie gerne erstattet bekommen.<\/p>\n<p>Da kannst Du die angeh\u00e4ngte pdf-Datei ausdrucken, den Vordruck ausf\u00fcllen, unterschreiben und dann dem Kassenwart zukommen lassen.<br \/>\n<a href=\"https:\/\/www.elmshorner-schachclub.de\/wp-content\/uploads\/2016\/03\/ESC-Kostenerstattungsantrag-2014.pdf\">ESC Kostenerstattungsantrag<\/a><\/p>\n","protected":false},"excerpt":{"rendered":"<p>Eintrittserkl\u00e4rung Sie\/Du m\u00f6chten\/m\u00f6chtest dem Elmshorner Schachclub als Mitglied beitreten ? Dann k\u00f6nnen\/kannst Sie\/Du die angeh\u00e4ngte pdf-Datei ausdrucken, sorgf\u00e4ltig in Druckbuchstaben ausf\u00fcllen, unterschreiben und anschlie\u00dfend einem Vorstandsmitglied zukommen lassen. ESC Eintrittserkl\u00e4rung Der Kostenerstattungsantrag Du hast Aufwendungen f\u00fcr den Elmshorner Schachclub verauslagt und m\u00f6chtest sie gerne erstattet bekommen. Da kannst Du die angeh\u00e4ngte pdf-Datei ausdrucken, den Vordruck [&hellip;]<\/p>\n","protected":false},"author":2,"featured_media":0,"parent":15,"menu_order":7,"comment_status":"closed","ping_status":"closed","template":"","meta":{"_bbp_topic_count":0,"_bbp_reply_count":0,"_bbp_total_topic_count":0,"_bbp_total_reply_count":0,"_bbp_voice_count":0,"_bbp_anonymous_reply_count":0,"_bbp_topic_count_hidden":0,"_bbp_reply_count_hidden":0,"_bbp_forum_subforum_count":0,"footnotes":""},"class_list":["post-32","page","type-page","status-publish","hentry"],"_links":{"self":[{"href":"https:\/\/www.elmshorner-schachclub.de\/index.php\/wp-json\/wp\/v2\/pages\/32","targetHints":{"allow":["GET"]}}],"collection":[{"href":"https:\/\/www.elmshorner-schachclub.de\/index.php\/wp-json\/wp\/v2\/pages"}],"about":[{"href":"https:\/\/www.elmshorner-schachclub.de\/index.php\/wp-json\/wp\/v2\/types\/page"}],"author":[{"embeddable":true,"href":"https:\/\/www.elmshorner-schachclub.de\/index.php\/wp-json\/wp\/v2\/users\/2"}],"replies":[{"embeddable":true,"href":"https:\/\/www.elmshorner-schachclub.de\/index.php\/wp-json\/wp\/v2\/comments?post=32"}],"version-history":[{"count":9,"href":"https:\/\/www.elmshorner-schachclub.de\/index.php\/wp-json\/wp\/v2\/pages\/32\/revisions"}],"predecessor-version":[{"id":1671,"href":"https:\/\/www.elmshorner-schachclub.de\/index.php\/wp-json\/wp\/v2\/pages\/32\/revisions\/1671"}],"up":[{"embeddable":true,"href":"https:\/\/www.elmshorner-schachclub.de\/index.php\/wp-json\/wp\/v2\/pages\/15"}],"wp:attachment":[{"href":"https:\/\/www.elmshorner-schachclub.de\/index.php\/wp-json\/wp\/v2\/media?parent=32"}],"curies":[{"name":"wp","href":"https:\/\/api.w.org\/{rel}","templated":true}]}}