{"id":30,"date":"2016-03-13T19:32:30","date_gmt":"2016-03-13T18:32:30","guid":{"rendered":"http:\/\/localhost\/esc\/?page_id=30"},"modified":"2025-11-11T01:39:32","modified_gmt":"2025-11-11T00:39:32","slug":"die-turnierordnung","status":"publish","type":"page","link":"https:\/\/www.elmshorner-schachclub.de\/index.php\/vereinsleben\/die-turnierordnung\/","title":{"rendered":"Die Turnierordnung"},"content":{"rendered":"<p align=\"center\">Elmshorner Schachclub von 1896 e.V.<\/p>\n<p align=\"center\">Turnierordnung<\/p>\n<p><strong>1.Allgemeine Regeln<\/strong><\/p>\n<p>1.1 F\u00fcr alle vom ESC veranstalteten Turniere gelten die Regeln des Weltschachbundes (FIDE) und die Regeln des Deutschen Schachbundes.<\/p>\n<p>1.2 Sollten bei einem Turnier weitergehende Regeln als die Regeln dieser Turnierordnung erforderlich sein, sind diese vor Turnierbeginn bekanntzugeben.<\/p>\n<p>1.3 Bei allen vom ESC veranstalteten Turnieren haben sich die Schachsportler an die Regeln dieser Turnierordnung und an das Gebot der sportlichen Fairness zu halten.<\/p>\n<p>1.4 F\u00fcr die Ausschreibung und die Austragung aller vom ESC veranstalteten Turniere ist der Turnierleiter verantwortlich. Turnierleiter ist der Schachwart des ESC, bei dessen Verhinderung der 2. Schachwart des ESC.<\/p>\n<p>1.5 F\u00fchlt sich ein Schachsportler durch eine Entscheidung des Turnierleiters in seinen Rechten verletzt, kann er gegen diese Entscheidung Einspruch einlegen.<\/p>\n<p>1.6 \u00dcber den Einspruch entscheidet entweder ein vor Turnierbeginn einberufenes Schiedsgericht oder, wenn kein Schiedsgericht einberufen wurde, der Vorstand des ESC.<\/p>\n<p>1.7 Neben anderen Turnieren veranstaltet der ESC kalenderj\u00e4hrlich nachstehend genannte Turniere:<\/p>\n<p>1.7.1 Die Vereinsmeisterschaft<\/p>\n<p>1.7.2 Das Pokalturnier<\/p>\n<p>1.7.3 Das Blitzmeisterschaftsturnier .<\/p>\n<p>&nbsp;<\/p>\n<p><strong>2. Die Vereinsmeisterschaft<\/strong><\/p>\n<p>2.1. Die Vereinsmeisterschaft wird im Schweizer-System-Modus ausgetragen.<\/p>\n<p>2.2. Es werden neun Runden gespielt. Bei geringer Beteiligung werden sieben Runden gespielt.<\/p>\n<p>2.3. Die Bedenkzeit betr\u00e4gt f\u00fcr jeden Spieler f\u00fcr die ersten 40 Z\u00fcge zwei Stunden. Nach der ersten Zeitkontrolle erhalt jeder Spieler eine Stunde f\u00fcr den Rest der Partie.<\/p>\n<p>2.4 F\u00fcr die Endtabelle gilt folgende Wertungsreihenfolge:<\/p>\n<p>1. die erzielten Punkte (gilt f\u00fcr die folgenden als Definition von &#8222;punktgleich&#8220;)<\/p>\n<p>2. die Buchholzwertung (Wertung &#8222;n-1&#8220; &#8211; der Gegner mit den wenigsten Punkten wird in dieser Wertung gestrichen)<\/p>\n<p>3. die Anzahl der Siege<\/p>\n<p>2 5 Vereinsmeister f\u00fcr die laufende Saison ist der Sieger des Turniers.<\/p>\n<p>2 5.1 Stehen nach Beendigung des Turniers zwei Sportler punktgleich an der Spitze, entscheidet \u00fcber den Gewinn der Vereinsmeisterschaft ein Stichkampf.<\/p>\n<p>2.5.1.1 Der Stichkampf wird \u00fcber zwei Partien ausgetragen.<\/p>\n<p>2 5.1 2 Die Farbverteilung der ersten Partie wird ausgelost und wechselt nach jeder Partie.<\/p>\n<p>2 5.1.3.Besteht nach Beendigung des Stichkampfes weiterhin Punktgleichheit, werden zwei Schnellschachpartien ausgetragen.<\/p>\n<p>2 5.1.4. Steht auch dann der Gewinn der Vereinsmeisterschaft nicht fest, entscheidet der Turnierleiter \u00fcber den weiteren Verlauf zur Ermittlung des Vereinsmeisters<\/p>\n<p>2 5.2 Stehen nach Beendigung des Turniers mehr als zwei Spieler punktgleich an der Spitze, wird zwischen diesen Spielern ein Rundenturnier ausgetragen.<\/p>\n<p>2.5.2.1 Der Gewinner des Rundenturniers ist Vereinsmeister.<\/p>\n<p>2 5.2.2 Stehen nach Beendigung des Rundenturniers zwei oder mehr Spieler weiterhin punktgleich an der Spitze, so entscheidet deren Buchholzwertung im normalen Turnier.<\/p>\n<p>2.5.2.3. Steht auch dann der Gewinn der Vereinsmeisterschaft nicht fest, entscheidet der Turnierleiter 0ber den weiteren Verlauf zur Ermittlung des Vereinsmeisters<\/p>\n<p>&nbsp;<\/p>\n<p><strong>3. Das Pokalturnier<\/strong><\/p>\n<p>3.1 Das Pokalturnier hat den Zweck, die Gewinner der Vereinspokale zu ermitteln.<\/p>\n<p>3.2 Das Pokalturnier wird in zwei Gruppen, der Gruppe A und der Gruppe B, ausgetragen.<\/p>\n<p>3.3 Das Pokalturnier wird je nach Teilnehmerzahl und zeitlichem Rahmen als Rundenturnier \u201cJeder gegen Jeden&#8220; oder als Schweizer-System-Turnier ausgetragen.<\/p>\n<p>3.4 Die Bedenkzeit f\u00fcr eine Partie betr\u00e4gt f\u00fcr jeden Schachsportler bis zu 30 Minuten. Der Turnierleiter setzt diese je nach Teilnehmerzahl und zeitlichem Rahmen vor dem Turnier fest.<\/p>\n<p>3.5 Die Spielberechtigung der Schachsportler f\u00fcr die einzelnen Gruppen bestimmt der Turnierleiter aufgrund der Spielst\u00e4rkezahlen.<\/p>\n<p>3.6 Der Sieger der Gruppe A gewinnt den A-Gruppen-Pokal; der Sieger der Gruppe B gewinnt den B-Gruppen-Pokal.<\/p>\n<p>3.7 Bei Punktgleichheit ist entsprechend 2.5.1. bis 2.5.2.3 zu verfahren.<\/p>\n<p>3.8 Durch die Annahme eines Vereinspokals verpflichtet sich der Schachsportler, den Vereinspokal pfleglich zu behandeln und vor Beginn des folgenden Pokalturniers dem Turnierleiter zu \u00fcbergeben.<\/p>\n<p>3.9 F\u00fcr Verlust oder Besch\u00e4digung eines Vereinspokals haftet dessen Besitzer.<\/p>\n<p>&nbsp;<\/p>\n<p><strong>4. Das Blitzmeisterschaftsturnier<\/strong><\/p>\n<p>4.1 Das Blitzmeisterschaftsturnier hat den Zweck, den Vereinsblitzmeister zu ermitteln.<\/p>\n<p>4.2 Das Blitzmeisterschaftsturnier wird in zwei Gruppen, der Gruppe A und der Gruppe B ausgetragen.<\/p>\n<p>4.3 Das Blitzmeisterschaftsturnier wird als Rundenturnier &gt;Jeder gegen Jeden&lt; ausgetragen.<\/p>\n<p>4.4 Die Bedenkzeit einer Partie betr\u00e4gt f\u00fcr jeden Schachsportler f\u00fcnf Minuten.<\/p>\n<p>4.5 Vereinsblitzmeister f\u00fcr das laufende Kalenderjahr ist der Sieger der Gruppe A.<\/p>\n<p>4.6 Bei Punktgleichheit in der A- bzw. in der B-Gruppe ist entsprechend 2.5.1. bis 2.5.2.3 zu verfahren.<\/p>\n<p>&nbsp;<\/p>\n<p><strong>5. Der Umgang mit Schachuhren<\/strong><\/p>\n<p>5.1 Die Schachuhren sind pfleglich zu behandeln.<\/p>\n<p>5.2 Die Bet\u00e4tigung der Druckknopfschaltung der Schachuhren hat durch die Zughand zu erfoIgen.<\/p>\n<p>5.3 Es ist nicht erlaubt, die Druckknopfschaltung der Schachuhren mittels Schachfiguren zu bet\u00e4tigen.<\/p>\n<p>5.4 F\u00fcr Besch\u00e4digungen an den Schachuhren durch unsachgem\u00e4\u00dfe Behandlung ist der Sch\u00e4diger zum Ersatz verpflichtet.<\/p>\n<p>&nbsp;<\/p>\n<p><strong>6. Ahndung von Regelverst\u00f6\u00dfen<\/strong><\/p>\n<p>6.1 Verletzt ein Schachsportler die Regeln dieser Turnierordnung in grober Weise, kann der Vorstand des ESC gegen diesen Schachsportler folgende Ma\u00dfnahmen treffen :<\/p>\n<p>6.1.1 Erteilung einer Ruge,<\/p>\n<p>6.1.2 Verlustwertung der Partie, in der die Regelwidrigkeit begangen wurde,<\/p>\n<p>6.1.3 Ausschluss vom Turnier, in dem die Regelwidrigkeit begangen wurde,<\/p>\n<p>6.1.4 Spielverbot f\u00fcr mehrere Turniere,<\/p>\n<p>6.1.5 Spielverbot f\u00fcr einen begrenzten Zeitraum,<\/p>\n<p>6.1.6 Spielverbot f\u00fcr Vereinsmannschaften,<\/p>\n<p>6.1.7 Streichung von der Mitgliederliste.<\/p>\n<p>6.2 Die Ma\u00dfnahmen 6.1.1, 6.1.2. und 6.1.3. k\u00f6nnen vom Turnierleiter ohne Zustimmung des Vereinsvorstandes getroffen werden.<\/p>\n<p>&nbsp;<\/p>\n<p><strong>7. Schlussbestimmungen<\/strong><\/p>\n<p>7.1 Die Vorschriften der Vereinssatzung werden durch diese Turnierordnung nicht ber\u00fchrt.<\/p>\n<p>7.2 \u00c4nderungen dieser Turnierordnung sind nur mit Zustimmung der Hauptversammlung oder einer ordnungsgem\u00e4\u00df einberufenen Mitgliederversammlung m\u00f6glich.<\/p>\n","protected":false},"excerpt":{"rendered":"<p>Elmshorner Schachclub von 1896 e.V. Turnierordnung 1.Allgemeine Regeln 1.1 F\u00fcr alle vom ESC veranstalteten Turniere gelten die Regeln des Weltschachbundes (FIDE) und die Regeln des Deutschen Schachbundes. 1.2 Sollten bei einem Turnier weitergehende Regeln als die Regeln dieser Turnierordnung erforderlich sein, sind diese vor Turnierbeginn bekanntzugeben. 1.3 Bei allen vom ESC veranstalteten Turnieren haben sich [&hellip;]<\/p>\n","protected":false},"author":2,"featured_media":0,"parent":15,"menu_order":6,"comment_status":"closed","ping_status":"closed","template":"","meta":{"_bbp_topic_count":0,"_bbp_reply_count":0,"_bbp_total_topic_count":0,"_bbp_total_reply_count":0,"_bbp_voice_count":0,"_bbp_anonymous_reply_count":0,"_bbp_topic_count_hidden":0,"_bbp_reply_count_hidden":0,"_bbp_forum_subforum_count":0,"footnotes":""},"class_list":["post-30","page","type-page","status-publish","hentry"],"_links":{"self":[{"href":"https:\/\/www.elmshorner-schachclub.de\/index.php\/wp-json\/wp\/v2\/pages\/30","targetHints":{"allow":["GET"]}}],"collection":[{"href":"https:\/\/www.elmshorner-schachclub.de\/index.php\/wp-json\/wp\/v2\/pages"}],"about":[{"href":"https:\/\/www.elmshorner-schachclub.de\/index.php\/wp-json\/wp\/v2\/types\/page"}],"author":[{"embeddable":true,"href":"https:\/\/www.elmshorner-schachclub.de\/index.php\/wp-json\/wp\/v2\/users\/2"}],"replies":[{"embeddable":true,"href":"https:\/\/www.elmshorner-schachclub.de\/index.php\/wp-json\/wp\/v2\/comments?post=30"}],"version-history":[{"count":1,"href":"https:\/\/www.elmshorner-schachclub.de\/index.php\/wp-json\/wp\/v2\/pages\/30\/revisions"}],"predecessor-version":[{"id":5330,"href":"https:\/\/www.elmshorner-schachclub.de\/index.php\/wp-json\/wp\/v2\/pages\/30\/revisions\/5330"}],"up":[{"embeddable":true,"href":"https:\/\/www.elmshorner-schachclub.de\/index.php\/wp-json\/wp\/v2\/pages\/15"}],"wp:attachment":[{"href":"https:\/\/www.elmshorner-schachclub.de\/index.php\/wp-json\/wp\/v2\/media?parent=30"}],"curies":[{"name":"wp","href":"https:\/\/api.w.org\/{rel}","templated":true}]}}