{"id":28,"date":"2016-03-13T19:29:22","date_gmt":"2016-03-13T18:29:22","guid":{"rendered":"http:\/\/localhost\/esc\/?page_id=28"},"modified":"2025-11-11T01:39:12","modified_gmt":"2025-11-11T00:39:12","slug":"die-jugendordnung","status":"publish","type":"page","link":"https:\/\/www.elmshorner-schachclub.de\/index.php\/vereinsleben\/die-jugendordnung\/","title":{"rendered":"Die Jugendordnung"},"content":{"rendered":"<p><strong>Elmshorner Schachclub von 1896 e.V. (ESC)<\/strong><\/p>\n<p><strong>Jugendordnung<\/strong><\/p>\n<p>Diese Jugendordnung ist Bestandteil der Satzung des ESC.<\/p>\n<p>Beschlossen am 25. M\u00e4rz 1983 auf der Jahreshauptversammlung<\/p>\n<p>sowie auf der 1 . Jugendvollversammlung am 27. Mai 1983.<\/p>\n<p><strong>1. Name und Mitgliedschaft<\/strong><\/p>\n<p>Die Vereinsjugend ist die Gemeinschaft aller Jugendlichen des Elmshorner Schachclubs von 1896 e.V., nachstehend ESC genannt. Es handelt sich hierbei um ESC &#8211; Mitglieder, die zum Zeitpunkt der Jugendvollversammlung das 20. Lebensjahr noch nicht vollendet haben.<\/p>\n<p><strong>2. Aufgaben<\/strong><\/p>\n<p>Die Vereinsjugend strebt an, junge Menschen an den Schachsport heranzuf\u00fchren und sie in ihren sportlichen Bem\u00fchungen zu unterst\u00fctzen. Sie will die Bef\u00e4higung und die Bereitschaft zum sozialen Verhalten f\u00f6rdern und bem\u00fcht sich um Formen f\u00fcr eine jugendgem\u00e4\u00dfe Freizeit.<\/p>\n<p>Die Vereinsjugend unterst\u00fctzt und koordiniert die Jugendarbeit des ESC. Sie vertritt die gemeinsamen lnteressen der Jugendlichen in sportlichen und allgemeinen Fragen.<\/p>\n<p><strong>3. Grunds\u00e4tze<\/strong><\/p>\n<p>Die Vereinsjugend des ESC bekennt sich zur freiheitlich-demokratischen Grundordnung und tritt f\u00fcr die Mitbestimmung und -verantwortung der Jugend ein.<\/p>\n<p><strong>4. F\u00fchrung und Verwaltung<\/strong><\/p>\n<p>Die Vereinsjugend des ESC f\u00fchrt und verwaltet sich selbst\u00e4ndig und eigenverantwortlich im Rahmen der Vereinssatzung und des Jugendrechts.<\/p>\n<p><strong>5. Organe<\/strong><\/p>\n<p>Organe der Vereinsjugend sind die Jugendvollversammlung und der Jugendvorstand.<\/p>\n<p><strong>6. JugendvollversammIung<\/strong><\/p>\n<p>Die Versammlung der Jugendlichen des ESC ist das oberste Organ der Vereinsjugend. Sie tritt mindestens einmal im Jahr vor der Jahreshauptversammlung des ESC zusammen und ist ohne R\u00fccksicht auf die Zahl der Erschienenen beschlussf\u00e4hig.<\/p>\n<p>Wahlberechtigt sind alle Jugendlichen vom 10. Lebensjahr an.<\/p>\n<p><strong>7. Aufgaben der Jugendvollversammlung<\/strong><\/p>\n<p>a) Entgegennahme der Berichte des Jugendvorstandes<\/p>\n<p>b) Entlastung des Jugendvorstandes<\/p>\n<p>c) Terminplanung f\u00fcr das kommende Jahr<\/p>\n<p>d) Verabschiedung von Antr\u00e4gen an die Jahreshauptversammlung des ESC<\/p>\n<p>e) Wahl der Mitglieder des Jugendvorstandes<\/p>\n<p><strong>8. Einladung<\/strong><\/p>\n<p>Die Einladung und Bekanntgabe der Tagesordnung zur Jugendvollversammlung hat mindestens 14 Tage vorher zu erfolgen.<\/p>\n<p><strong>9. VersammIungsleitung<\/strong><\/p>\n<p>Die Leitung der Jugendvollversammlung obliegt dem Jugendwart. Bei dessen Verhinderung w\u00e4hlt die Jugendvollversammlung mit einfacher Mehrheit einen Versammlungsleiter.<\/p>\n<p><strong>10. Antr\u00e4ge<\/strong><\/p>\n<p>Antr\u00e4ge zur Jugendvollversammlung m\u00fcssen mindestens eine Woche vor der Versammlung dem Jugendwart schriftlich vorliegen. Antragsberechtigt sind alle Mitglieder der Vereinsjugend.<\/p>\n<p><strong>11. Abstimmungen und Wahlen<\/strong><\/p>\n<p>Bei Abstimmungen und Wahlen gen\u00fcgt die einfache Mehrheit der abgegebenen g\u00fcltigen Stimmen.<\/p>\n<p>Beschl\u00fcsse zur \u00c4nderung der Jugendordnung erfordern eine Zweidrittelmehrheit der abgegebenen g\u00fcltigen Stimmen. Bei Stimmengleichheit ist ein Antrag abgelehnt.<\/p>\n<p>Wahlen erfolgen durch offene Abstimmung per Handzeichen, wenn nicht geheime Wahl beantragt wird.<\/p>\n<p>Abwesende k\u00f6nnen nur gew\u00e4hlt werden, wenn sie vorher ihre Bereitwilligkeit, das Amt zu \u00fcbernehmen, schriftlich erkl\u00e4rt haben.<\/p>\n<p><strong>12. Jugendvorstand<\/strong><\/p>\n<p>Der Jugendvorstand besteht aus:<\/p>\n<p>dem Jugendwart,<\/p>\n<p>dem Jugendvertreter,<\/p>\n<p>einem oder mehreren Beisitzer(n).<\/p>\n<p>Der Jugendwart muss das 18. Lebensjahr vollendet haben. Er ist in seiner Funktion Mitglied des Vereinsvorstandes des ESC.<\/p>\n<p>Er vertritt die lnteressen der Vereinsjugend gegen\u00fcber dem Vorstand.<\/p>\n<p>Der Jugendvertreter ist aus der Mitte der Jugendvollversammlung zu w\u00e4hlen. Er soll das 14. Lebensjahr vollendet haben. Er vertritt der Jugendwart bei dessen Verhinderung.<\/p>\n<p>Der Jugendvorstand wird von der Jugendvollversammlung auf zwei Jahre in den Jahren mit gerader Endziffer gew\u00e4hlt.<\/p>\n<p><strong>13. Aufgaben und Pflichten des Jugendvorstandes<\/strong><\/p>\n<p>Der Jugendvorstand erf\u00fcllt seine Aufgaben im Rahmen der Vereinssatzung, der Jugendordnung und der Beschl\u00fcsse der Jugendvollversammlung. Er ist zust\u00e4ndig f\u00fcr alle Jugendangelegenheiten des ESC.<\/p>\n<p><strong>14. Ma\u00dfgeblichkeit der Vereinssatzung<\/strong><\/p>\n<p>Die Satzung des ESC ist f\u00fcr die Abhaltung von Versammlungen und f\u00fcr die weitere Arbeit der Vereinsjugend ma\u00dfgebend.<\/p>\n<p><strong>15. lnkrafttreten<\/strong><\/p>\n<p>Diese Jugendordnung tritt nach Best\u00e4tigung durch die Hauptversammlung des ESC am 25. M\u00e4rz 1983 in Kraft.<\/p>\n","protected":false},"excerpt":{"rendered":"<p>Elmshorner Schachclub von 1896 e.V. (ESC) Jugendordnung Diese Jugendordnung ist Bestandteil der Satzung des ESC. Beschlossen am 25. M\u00e4rz 1983 auf der Jahreshauptversammlung sowie auf der 1 . Jugendvollversammlung am 27. Mai 1983. 1. Name und Mitgliedschaft Die Vereinsjugend ist die Gemeinschaft aller Jugendlichen des Elmshorner Schachclubs von 1896 e.V., nachstehend ESC genannt. Es handelt [&hellip;]<\/p>\n","protected":false},"author":2,"featured_media":0,"parent":15,"menu_order":5,"comment_status":"closed","ping_status":"closed","template":"","meta":{"_bbp_topic_count":0,"_bbp_reply_count":0,"_bbp_total_topic_count":0,"_bbp_total_reply_count":0,"_bbp_voice_count":0,"_bbp_anonymous_reply_count":0,"_bbp_topic_count_hidden":0,"_bbp_reply_count_hidden":0,"_bbp_forum_subforum_count":0,"footnotes":""},"class_list":["post-28","page","type-page","status-publish","hentry"],"_links":{"self":[{"href":"https:\/\/www.elmshorner-schachclub.de\/index.php\/wp-json\/wp\/v2\/pages\/28","targetHints":{"allow":["GET"]}}],"collection":[{"href":"https:\/\/www.elmshorner-schachclub.de\/index.php\/wp-json\/wp\/v2\/pages"}],"about":[{"href":"https:\/\/www.elmshorner-schachclub.de\/index.php\/wp-json\/wp\/v2\/types\/page"}],"author":[{"embeddable":true,"href":"https:\/\/www.elmshorner-schachclub.de\/index.php\/wp-json\/wp\/v2\/users\/2"}],"replies":[{"embeddable":true,"href":"https:\/\/www.elmshorner-schachclub.de\/index.php\/wp-json\/wp\/v2\/comments?post=28"}],"version-history":[{"count":1,"href":"https:\/\/www.elmshorner-schachclub.de\/index.php\/wp-json\/wp\/v2\/pages\/28\/revisions"}],"predecessor-version":[{"id":5329,"href":"https:\/\/www.elmshorner-schachclub.de\/index.php\/wp-json\/wp\/v2\/pages\/28\/revisions\/5329"}],"up":[{"embeddable":true,"href":"https:\/\/www.elmshorner-schachclub.de\/index.php\/wp-json\/wp\/v2\/pages\/15"}],"wp:attachment":[{"href":"https:\/\/www.elmshorner-schachclub.de\/index.php\/wp-json\/wp\/v2\/media?parent=28"}],"curies":[{"name":"wp","href":"https:\/\/api.w.org\/{rel}","templated":true}]}}