{"id":26,"date":"2016-03-13T19:28:20","date_gmt":"2016-03-13T18:28:20","guid":{"rendered":"http:\/\/localhost\/esc\/?page_id=26"},"modified":"2025-11-11T01:38:48","modified_gmt":"2025-11-11T00:38:48","slug":"die-satzung","status":"publish","type":"page","link":"https:\/\/www.elmshorner-schachclub.de\/index.php\/vereinsleben\/die-satzung\/","title":{"rendered":"Die Satzung"},"content":{"rendered":"<p align=\"center\"><span style=\"font-family: Arial;\"><b>Elmshorner Schachclub von 1896 e.V. (ESC)<\/b><\/span><\/p>\n<p align=\"center\"><b><span style=\"font-family: Arial;\">Satzung<\/span><\/b><\/p>\n<p align=\"center\"><span style=\"font-family: Arial; font-size: small;\">gem\u00e4\u00df den Beschl\u00fcssen der Mitgliederversammlungen vom 31.01.2003 und 20.02.2004<\/span><\/p>\n<p align=\"center\"><span style=\"font-family: Arial; font-size: small;\">Eingetragen im Vereinsregister unter Nr. 660 beim Amtsgericht Elmshorn am 15.01.2005<\/span><\/p>\n<p><span style=\"font-family: Arial; font-size: small;\"><b>Satzung<\/b><br \/>\n\u00a7 1 Name,\u00a0 Sitz\u00a0und Zweck<br \/>\n\u00a7 2\u00a0Mitgliedschaft<br \/>\n\u00a7 3\u00a0Beitrag<br \/>\n\u00a7 4 Vorstand<br \/>\n\u00a7 5\u00a0Spielbetrieb<br \/>\n\u00a7 6\u00a0Ehrenrat<br \/>\n\u00a7 7 Versammlungen<br \/>\n\u00a7 8 Kassenpr\u00fcfer<br \/>\n\u00a7 9 Aufl\u00f6sung \u00a0\u00a0<\/span><\/p>\n<p><span style=\"font-family: Arial; font-size: small;\"><b>\u00a7 1 Name,\u00a0Sitz\u00a0und Zweck \u00a0\u00a0<\/b><\/span><\/p>\n<p><span style=\"font-family: Arial; font-size: small;\">1. Der Verein f\u00fchrt den Namen\u00a0 \u201eElmshorner Schachclub von 1896\u201c und ist in das Vereinsregister einzutragen. Der Sitz ist Elmshorn. \u00a0<\/span><\/p>\n<p><span style=\"font-family: Arial; font-size: small;\">2. Zweck und Ziel des Vereins sind die Pflege und F\u00f6rderung des Schachspiels.\u00a0<\/span><\/p>\n<p><span style=\"font-family: Arial; font-size: small;\">Diese Aufgabe will er erf\u00fcllen durch:\u00a0<\/span><\/p>\n<p><span style=\"font-family: Arial; font-size: small;\">a)\u00a0 die Sammlung aller Liebhaber und Freunde des Schachspiels,<br \/>\nb)\u00a0 die Veranstaltung von Einzelwettk\u00e4mpfen,<br \/>\nc)\u00a0 die Veranstaltung von und die Teilnahme an Mannschaftsk\u00e4mpfen,<br \/>\nd)\u00a0 die Unterhaltung einer Schachb\u00fccherei,<br \/>\ne)\u00a0 die schachliche Weiterbildung der Mitglieder in geeigneter Form. \u00a0\u00a0<\/span><\/p>\n<p><span style=\"font-family: Arial; font-size: small;\">3. Der Elmshorner Schachclub von 1896 ist bestrebt, in Zusammenarbeit mit dem Jugendwart die Interessen der Jugendlichen in sportlichen Angelegenheiten zu f\u00f6rdern. Hierzu gilt die Jugendordnung, die Bestandteil dieser Satzung ist (besonderes Druckst\u00fcck). \u00a0\u00a0<\/span><\/p>\n<p><span style=\"font-family: Arial; font-size: small;\">4. Der Verein verfolgt keine wirtschaftlichen und politischen Ziele. Er ist ausschlie\u00dflich und unmittelbar auf gemeinn\u00fctzige Zwecke im Sinne der steuerlichen Bestimmungen ausgerichtet. Der Verein erstrebt keine \u00dcbersch\u00fcsse. Der Verein ist selbstlos t\u00e4tig, er verfolgt nicht in erster Linie eigenwirtschaftliche Zwecke. Mittel des Vereins d\u00fcrfen nur f\u00fcr die satzungsm\u00e4\u00dfigen Zwecke verwendet werden. Die Mitglieder erhalten keine Zuwendungen aus Mitteln des Vereins. Sie haben bei ihrem Ausscheiden oder bei Aufl\u00f6sung oder Aufhebung des Vereins keinen Anspruch auf das Vereinsverm\u00f6gen. Es darf keine Person durch Ausgaben, die dem Zweck des Vereins fremd sind, oder durch unverh\u00e4ltnism\u00e4\u00dfig hohe Verg\u00fctungen beg\u00fcnstigt werden. \u00a0\u00a0<\/span><\/p>\n<p><span style=\"font-family: Arial; font-size: small;\">5. Das Gesch\u00e4ftsjahr ist das Kalenderjahr. \u00a0\u00a0<\/span><\/p>\n<p><span style=\"font-family: Arial; font-size: small;\"><b>\u00a7 2\u00a0Mitgliedschaft \u00a0\u00a0<\/b><\/span><\/p>\n<p><span style=\"font-family: Arial; font-size: small;\">1. Der Verein setzt sich zusammen aus\u00a0<\/span><\/p>\n<p><span style=\"font-family: Arial; font-size: small;\">Ehrenmitgliedern und<br \/>\nordentlichen Mitgliedern. \u00a0\u00a0<\/span><\/p>\n<p><span style=\"font-family: Arial; font-size: small;\">2. Die Aufnahme in den Verein ist beim Vorstand schriftlich zu beantragen. Liegen keine Gr\u00fcnde nach \u00a7 2 Abs. 8 dagegen vor, entscheidet der Vorstand \u00fcber die Aufnahme des Antragstellers. \u00a0\u00a0<\/span><\/p>\n<p><span style=\"font-family: Arial; font-size: small;\">3. Jede nat\u00fcrliche Person kann Mitglied des Vereins werden. \u00a0\u00a0<\/span><\/p>\n<p><span style=\"font-family: Arial; font-size: small;\">4. Zu Ehrenmitgliedern kann der Vorstand Personen ernennen, die sich gro\u00dfe Verdienste um den Verein oder das Schachspiel \u00fcberhaupt erworben haben. \u00a0 \u00a0<\/span><\/p>\n<p><span style=\"font-family: Arial; font-size: small;\">5. Die Mitgliedschaft erlischt durch:<br \/>\na)\u00a0 Tod,<br \/>\nb)\u00a0 Austritt,<br \/>\nc)\u00a0 Streichung von der Mitgliederliste,<br \/>\nd)\u00a0Ausschlu\u00df. \u00a0\u00a0<\/span><\/p>\n<p><span style=\"font-family: Arial; font-size: small;\">6. Der Austritt kann jederzeit schriftlich beim Vorstand erkl\u00e4rt werden. Mit der Austrittserkl\u00e4rung erl\u00f6schen die Mitgliederrechte sofort. Die Erkl\u00e4rungen m\u00fcssen jeweils bis zum 15. des ersten Monats eines Quartals dem Vorstand vorliegen. Der Austritt selbst wird am letzten des Quartals wirksam. \u00a0\u00a0<\/span><\/p>\n<p><span style=\"font-family: Arial; font-size: small;\">7. Der Vorstand kann die ihrer Beitragspflicht nicht nachkommenden Mitglieder von der Mitgliederliste streichen. Die Pflicht zur Zahlung des satzungsgem\u00e4\u00df festgesetzten Beitrages wird hierdurch nicht ber\u00fchrt. \u00a0\u00a0<\/span><\/p>\n<p><span style=\"font-family: Arial; font-size: small;\">8. Der Vorstand kann jederzeit Mitglieder aus dem Verein ausschlie\u00dfen oder andere Ma\u00dfnahmen gegen Mitglieder treffen, die\u00a0<\/span><\/p>\n<p><span style=\"font-family: Arial; font-size: small;\">a) ihre b\u00fcrgerlichen Ehrenrechte verloren haben,<br \/>\nb)\u00a0 den Verein gesch\u00e4digt haben,<br \/>\nc)\u00a0 sich bei Wettk\u00e4mpfen unsportlich verhalten,<br \/>\nd) sich innerhalb des Vereins gesellschaftswidrig benehmen. \u00a0\u00a0<\/span><\/p>\n<p><span style=\"font-family: Arial; font-size: small;\">9. Bei allen vom Vorstand getroffenen Ma\u00dfnahmen gegen ein Mitglied ist die\u00a0 Anrufung des Ehrenrates m\u00f6glich. Damit wird dem betroffenen Mitglied das Recht zugesprochen, sein Anliegen schriftlich oder m\u00fcndlich vor dem Ehrenrat zu vertreten. \u00a0\u00a0<\/span><\/p>\n<p><span style=\"font-family: Arial; font-size: small;\"><b>\u00a7 3 Beitrag\u00a0<\/b><\/span><\/p>\n<p><span style=\"font-family: Arial; font-size: small;\">1. Von den Mitgliedern werden Beitr\u00e4ge erhoben. Die H\u00f6he des Jahresbeitrages und dessen F\u00e4lligkeit werden j\u00e4hrlich von der Mitgliederversammlung bestimmt.\u00a0<\/span><\/p>\n<p><span style=\"font-family: Arial; font-size: small;\">2. Auf Antrag eines Mitgliedes kann der Kassenwart mit Zustimmung des Vorstandes f\u00e4llige Beitr\u00e4ge stunden, erm\u00e4\u00dfigen oder erlassen, wenn ausreichende Gr\u00fcnde f\u00fcr eine solche Ma\u00dfnahme vorliegen. \u00a0\u00a0<\/span><\/p>\n<p><span style=\"font-family: Arial; font-size: small;\">3. Ehrenmitglieder sind von der Beitragspflicht befreit. \u00a0\u00a0<\/span><\/p>\n<p><span style=\"font-family: Arial; font-size: small;\">4. Im Laufe des Jahres aufgenommene Mitglieder zahlen bis zum Beginn des neuen Gesch\u00e4ftsjahres nur den anteilig f\u00e4lligen Betrag. \u00a0\u00a0<\/span><\/p>\n<p><span style=\"font-family: Arial; font-size: small;\"><b>\u00a7 4 Vorstand \u00a0\u00a0<\/b><\/span><\/p>\n<p><span style=\"font-family: Arial; font-size: small;\">1.\u00a0Der Vorstand setzt sich zusammen aus: \u00a0\u00a0\u00a0\u00a0\u00a0\u00a0<\/span><\/p>\n<p><span style=\"font-family: Arial; font-size: small;\">a)\u00a0 dem ersten Vorsitzenden,<br \/>\nb)\u00a0 dem zweiten Vorsitzenden,<br \/>\nc)\u00a0 dem Kassenwart,<br \/>\nd)\u00a0 dem 1. Schachwart,<br \/>\ne)\u00a0 dem 2. Schachwart,<br \/>\nf)\u00a0 dem Schriftf\u00fchrer,<br \/>\ng)\u00a0 dem Presse- und Informationswart,<br \/>\nh)\u00a0 dem Jugendwart. \u00a0\u00a0<\/span><\/p>\n<p><span style=\"font-family: Arial; font-size: small;\">2. Der erste Vorsitzende vertritt den Verein gerichtlich und au\u00dfergerichtlich im Sinne des \u00a7 26 BGB sowohl nach innen als auch nach au\u00dfen. Er beruft die Versammlungen und Sitzungen ein und leitet sie. \u00a0\u00a0<\/span><\/p>\n<p><span style=\"font-family: Arial; font-size: small;\">3. Der zweite Vorsitzende vertritt bei dessen Verhinderung den ersten Vorsitzenden nur im internen Vereinsverkehr, nicht aber im Sinne des \u00a7 26 BGB. \u00a0\u00a0<\/span><\/p>\n<p><span style=\"font-family: Arial; font-size: small;\">4. Der 1. Schachwart ist f\u00fcr die Durchf\u00fchrung aller Turniere verantwortlich. Der 2. Schachwart vertritt den 1. Schachwart bei dessen Verhinderung. Au\u00dferdem verwaltet er das f\u00fcr das Schachspielen erforderliche Material. Die Aufgaben der anderen Vorstandsmitglieder gehen aus ihren Amtsbezeichnungen hervor. Einzelheiten der Gesch\u00e4ftsf\u00fchrung regeln die Vorstandsmitglieder unter sich. \u00a0\u00a0<\/span><\/p>\n<p><span style=\"font-family: Arial; font-size: small;\">5. Der Vorstand wird von der Hauptversammlung auf die Dauer von zwei Jahren gew\u00e4hlt. Wiederwahl ist gestattet. Er bleibt bis zur Neuwahl im Amt. Der Jugendwart wird von der Jugendvollversammlung f\u00fcr zwei Jahre gew\u00e4hlt und muss von der Jahreshauptversammlung best\u00e4tigt werden. \u00a0\u00a0<\/span><\/p>\n<p><span style=\"font-family: Arial; font-size: small;\">6. Scheidet der erste Vorsitzende vor Ablauf seiner Amtszeit aus, muss eine au\u00dferordentliche Hauptversammlung f\u00fcr die Durchf\u00fchrung einer Ersatzwahl einberufen werden. Scheidet ein anderes Mitglied aus dem Vorstand aus, so erg\u00e4nzt sich der Vorstand durch Zuwahl aus dem Mitgliederkreis. \u00a0\u00a0<\/span><\/p>\n<p><span style=\"font-family: Arial; font-size: small;\">7. Vorstands\u00e4mter sind Ehren\u00e4mter. Aufwendungen, die im Sinne des Vereins entstanden sind, k\u00f6nnen auf Beschlu\u00df des Vorstandes erstattet werden. \u00a0\u00a0<\/span><\/p>\n<p><span style=\"font-family: Arial; font-size: small;\"><b>\u00a7 5\u00a0Spielbetrieb \u00a0\u00a0<\/b><\/span><\/p>\n<p><span style=\"font-family: Arial; font-size: small;\">1. Die Turniere innerhalb des Vereins werden nach der f\u00fcr diesen Verein geltenden Turnierordnung durchgef\u00fchrt. Die Verantwortung daf\u00fcr tr\u00e4gt der 1. Schachwart. Er stellt die Spielergruppen bei Vereinsturnieren und die Rangliste f\u00fcr die Mannschaftsk\u00e4mpfe auf. Die Aufstellungen werden den Mitgliedern bekanntgegeben. Die Mitglieder haben das Recht, beim 1. und 2. Vorsitzenden Einspruch einzulegen. \u00dcber den Einspruch entscheidet der Vorstand. \u00a0\u00a0<\/span><\/p>\n<p><span style=\"font-family: Arial; font-size: small;\"><b>\u00a7 6 Ehrenrat \u00a0\u00a0<\/b><\/span><\/p>\n<p><span style=\"font-family: Arial; font-size: small;\">1.\u00a0Der Ehrenrat besteht aus drei Mitgliedern und einem Stellvertreter, welche nicht Mitglieder des Vorstandes sein d\u00fcrfen. Er wird von der Hauptversammlung f\u00fcr zwei Jahre gew\u00e4hlt. Der Ehrenrat wird in allen in \u00a7 2 Abs. 8 aufgef\u00fchrten F\u00e4llen t\u00e4tig. Seine Verhandlungen sind nicht \u00f6ffentlich. Bei Abstimmungen entscheidet die einfache Mehrheit. Die Entscheidungen des Ehrenrates sind unanfechtbar und f\u00fcr den Vorstand bindend. \u00a0\u00a0<\/span><\/p>\n<p><span style=\"font-family: Arial; font-size: small;\"><b>\u00a7 7 Versammlungen \u00a0\u00a0<\/b><\/span><\/p>\n<p><span style=\"font-family: Arial; font-size: small;\">1. Mitgliederversammlungen werden nach Bedarf durch Rundschreiben unter Angabe der Tagesordnung mit einer Frist von 14 Tagen einberufen. \u00a0\u00a0<\/span><\/p>\n<p><span style=\"font-family: Arial; font-size: small;\">2. Antr\u00e4ge f\u00fcr die Versammlung m\u00fcssen dem Vorstand 7 Tage vorher vorliegen. Werden Antr\u00e4ge erst w\u00e4hrend der Versammlung gestellt, darf \u00fcber diese beraten werden. Abstimmungen dar\u00fcber erfolgen aber nur mit Zustimmung des Vorstandes &#8211; nicht Versammlungsleiters. \u00a0\u00a0<\/span><\/p>\n<p><span style=\"font-family: Arial; font-size: small;\">3.\u00a0Die Hauptversammlung findet innerhalb von drei Monaten nach Abschluss eines jeden Gesch\u00e4ftsjahres statt und ist mit 14-t\u00e4giger Frist unter Angabe der Tagesordnung einzuberufen.\u00a0<\/span><\/p>\n<p><span style=\"font-family: Arial; font-size: small;\">Die Hauptversammlung ist zust\u00e4ndig f\u00fcr:\u00a0<\/span><\/p>\n<p><span style=\"font-family: Arial; font-size: small;\">a)\u00a0 die Entgegennahme des Rechenschaftsberichtes des Vorstandes,<br \/>\nb)\u00a0 die Entlastung des Vorstandes,<br \/>\nc)\u00a0 die Wahl des Vorstandes,<br \/>\nd)\u00a0 die Festsetzung des Beitrages,<br \/>\ne)\u00a0 die Wahl der Kassenpr\u00fcfer,<br \/>\nf)\u00a0\u00a0 die Festlegung und \u00c4nderung der Turnierordnung,<br \/>\ng)\u00a0 die Zustimmung zur Vornahme von Verpflichtungsgesch\u00e4ften, die den Betrag von \u20ac 1000 \u00fcbersteigen,<br \/>\nh)\u00a0Satzungs\u00e4nderungen. \u00a0\u00a0<\/span><\/p>\n<p><span style=\"font-family: Arial; font-size: small;\">4.\u00a0Die Wahl des Vorstandes durch Zuruf ist erlaubt. Wird eine Zettelwahl notwendig, w\u00e4hlt die Versammlung vorher zwei Wahlpr\u00fcfer. \u00a0<\/span><\/p>\n<p><span style=\"font-family: Arial; font-size: small;\">5. Zur Satzungs\u00e4nderung sind 2\/3 Stimmenmehrheit der anwesenden Mitglieder erforderlich. \u00a0\u00a0<\/span><\/p>\n<p><span style=\"font-family: Arial; font-size: small;\">6.\u00a0Alle ordnungsgem\u00e4\u00df einberufenen Versammlungen sind ohne R\u00fccksicht auf die Zahl der anwesenden Mitglieder beschlussf\u00e4hig. \u00a0\u00a0<\/span><\/p>\n<p><span style=\"font-family: Arial; font-size: small;\">7. In allen Versammlungen f\u00fchrt der Schriftf\u00fchrer die Niederschrift. Bei seiner Verhinderung bestimmt der Versammlungsleiter einen Stellvertreter. Die Niederschrift ist vom 1. Vorsitzenden und einem zweiten Vorstandsmitglied zu unterschreiben. \u00a0\u00a0<\/span><\/p>\n<p><span style=\"font-family: Arial; font-size: small;\">8.\u00a0Bei Verhinderung des 1. Vorsitzenden und dessen Stellvertreters \u00fcbernimmt ein anderes Vorstandsmitglied die Versammlungsleitung. Fehlt auch diese M\u00f6glichkeit, w\u00e4hlt die Versammlung einen Leiter. \u00a0\u00a0<\/span><\/p>\n<p><span style=\"font-family: Arial; font-size: small;\">9.\u00a0Bei Abstimmungen entscheidet mit Ausnahme der \u00a7 7 Abs 5 und \u00a7 9 Abs 2 die einfache Mehrheit. Bei Stimmengleichheit entscheidet die Stimme des Versammlungsleiters. \u00a0\u00a0<\/span><\/p>\n<p><span style=\"font-family: Arial; font-size: small;\">10.\u00a0Stimmberechtigt sind alle Ehrenmitglieder und alle ordentlichen Mitglieder des Vereins. \u00a0\u00a0<\/span><\/p>\n<p><span style=\"font-family: Arial; font-size: small;\">11.\u00a0Der Vorstand muss eine au\u00dferordentliche Hauptversammlung einberufen, wenn mindestens 20% der Mitglieder es bei ihm beantragen. \u00a0\u00a0<\/span><\/p>\n<p><span style=\"font-family: Arial; font-size: small;\"><b>\u00a7 8 Kassenpr\u00fcfer \u00a0\u00a0<\/b><\/span><\/p>\n<p><span style=\"font-family: Arial; font-size: small;\">1.\u00a0Gleichzeitig mit dem Vorstand sind jeweils auf zwei Jahre zwei Kassenpr\u00fcfer zu w\u00e4hlen. Anschlie\u00dfende Wiederwahl ist nicht m\u00f6glich. Die Kassenpr\u00fcfer haben mindestens einmal j\u00e4hrlich am Schluss des Gesch\u00e4ftsjahres die Kasse zu pr\u00fcfen und der Hauptversammlung Bericht zu erstatten. Es steht ihnen au\u00dferdem das Recht zu, jederzeit einzeln oder gemeinsam eine Pr\u00fcfung vorzunehmen. Auf Verlangen des 1. Vorsitzenden haben sie ebenfalls die Kasse zu pr\u00fcfen. \u00a0\u00a0<\/span><\/p>\n<p><span style=\"font-family: Arial; font-size: small;\"><b>\u00a7 9\u00a0Aufl\u00f6sung \u00a0\u00a0<\/b><\/span><\/p>\n<p><span style=\"font-family: Arial; font-size: small;\">1.\u00a0Die Aufl\u00f6sung des Vereins ist nur in einer ausschlie\u00dflich zu diesem Zweck einberufenen Hauptversammlung m\u00f6glich. \u00a0\u00a0<\/span><\/p>\n<p><span style=\"font-family: Arial; font-size: small;\">2.\u00a0Zur Aufl\u00f6sung sind 3\/4 Stimmenmehrheit der anwesenden Mitglieder erforderlich. \u00a0\u00a0<\/span><\/p>\n<p><span style=\"font-family: Arial; font-size: small;\">3.\u00a0Bei Aufl\u00f6sung oder Aufhebung des Vereins oder bei Wegfall seines bisherigen Zwecks f\u00e4llt das nach Abzug aller Verbindlichkeiten noch vorhandene Vereinsverm\u00f6gen einen durch die Mitgliederversammlung zu bestimmenden gemeinn\u00fctzigen Verein zu, der es im Sinne dieser Satzung ebenfalls unmittelbar und ausschlie\u00dflich f\u00fcr gemeinn\u00fctzige Zwecke zu verwenden hat.<\/span><\/p>\n","protected":false},"excerpt":{"rendered":"<p>Elmshorner Schachclub von 1896 e.V. (ESC) Satzung gem\u00e4\u00df den Beschl\u00fcssen der Mitgliederversammlungen vom 31.01.2003 und 20.02.2004 Eingetragen im Vereinsregister unter Nr. 660 beim Amtsgericht Elmshorn am 15.01.2005 Satzung \u00a7 1 Name,\u00a0 Sitz\u00a0und Zweck \u00a7 2\u00a0Mitgliedschaft \u00a7 3\u00a0Beitrag \u00a7 4 Vorstand \u00a7 5\u00a0Spielbetrieb \u00a7 6\u00a0Ehrenrat \u00a7 7 Versammlungen \u00a7 8 Kassenpr\u00fcfer \u00a7 9 Aufl\u00f6sung \u00a0\u00a0 \u00a7 [&hellip;]<\/p>\n","protected":false},"author":2,"featured_media":0,"parent":15,"menu_order":4,"comment_status":"closed","ping_status":"closed","template":"","meta":{"_bbp_topic_count":0,"_bbp_reply_count":0,"_bbp_total_topic_count":0,"_bbp_total_reply_count":0,"_bbp_voice_count":0,"_bbp_anonymous_reply_count":0,"_bbp_topic_count_hidden":0,"_bbp_reply_count_hidden":0,"_bbp_forum_subforum_count":0,"footnotes":""},"class_list":["post-26","page","type-page","status-publish","hentry"],"_links":{"self":[{"href":"https:\/\/www.elmshorner-schachclub.de\/index.php\/wp-json\/wp\/v2\/pages\/26","targetHints":{"allow":["GET"]}}],"collection":[{"href":"https:\/\/www.elmshorner-schachclub.de\/index.php\/wp-json\/wp\/v2\/pages"}],"about":[{"href":"https:\/\/www.elmshorner-schachclub.de\/index.php\/wp-json\/wp\/v2\/types\/page"}],"author":[{"embeddable":true,"href":"https:\/\/www.elmshorner-schachclub.de\/index.php\/wp-json\/wp\/v2\/users\/2"}],"replies":[{"embeddable":true,"href":"https:\/\/www.elmshorner-schachclub.de\/index.php\/wp-json\/wp\/v2\/comments?post=26"}],"version-history":[{"count":1,"href":"https:\/\/www.elmshorner-schachclub.de\/index.php\/wp-json\/wp\/v2\/pages\/26\/revisions"}],"predecessor-version":[{"id":5328,"href":"https:\/\/www.elmshorner-schachclub.de\/index.php\/wp-json\/wp\/v2\/pages\/26\/revisions\/5328"}],"up":[{"embeddable":true,"href":"https:\/\/www.elmshorner-schachclub.de\/index.php\/wp-json\/wp\/v2\/pages\/15"}],"wp:attachment":[{"href":"https:\/\/www.elmshorner-schachclub.de\/index.php\/wp-json\/wp\/v2\/media?parent=26"}],"curies":[{"name":"wp","href":"https:\/\/api.w.org\/{rel}","templated":true}]}}