{"id":1641,"date":"2021-11-15T17:12:08","date_gmt":"2021-11-15T16:12:08","guid":{"rendered":"http:\/\/www.elmshorner-schachclub.de\/?page_id=1641"},"modified":"2024-09-27T12:57:08","modified_gmt":"2024-09-27T10:57:08","slug":"vm-aktuell","status":"publish","type":"page","link":"https:\/\/www.elmshorner-schachclub.de\/index.php\/vereinsmeisterschaft\/vm-aktuell\/","title":{"rendered":"VM Aktuell"},"content":{"rendered":"\n<p><strong>Vereinsmeisterschaft 2024\/2025<\/strong><\/p>\n\n\n\n<p><a href=\"https:\/\/chess-results.com\/tnr1005138.aspx?lan=0&amp;art=0&amp;turdet=YES\">Chessresult 2024\/2025<\/a><\/p>\n\n\n\n<ul class=\"wp-block-list\">\n<li>Es wird in einer Gruppe mit mehreren Ratingpreisgruppen gespielt:<br>Preise: Platz 1-3, Platz 1-3 Gruppe DWZ 1600, Platz 1-3 Gruppe DWZ<br>1200; es gilt die DWZ zum Starttermin 15.09.2023.<\/li>\n\n\n\n<li>7 Runden Schweizer System<\/li>\n\n\n\n<li>Bedenkzeit: 2 Stunden f\u00fcr 40 Z\u00fcge + 30 Minuten\/Rest<\/li>\n\n\n\n<li>Spielbeginn:20:00 Uhr im HdB (Karenzzeit: 1 Stunde); fr\u00fcherer Beginn<br>oder Verschiebung nach Absprache und Raumverf\u00fcgbarkeit m\u00f6glich<\/li>\n\n\n\n<li>Die Meisterschaft wird zur DWZ-ausgewertet.<br>Rundenplan:<br>1.Runde 13.09.2024<br>2.Runde 11.10.2024<br>3.Runde 15.11.2024<br>4.Runde 17.01.2025<br>5.Runde 07.02.2025<br>6.Runde 28.02.2025<br>7.Runde 28.03.2025<br>Die neuen Rundenpaarungen werden jeweils am Wochenende nach der<br>vorherigen Runde auf der Vereinshomepage mit einem Link auf chess-results.com ver\u00f6ffentlicht bzw. als Mail verschickt.<br>Im Falle einer Verhinderung (z.B. Urlaub) ist diese fr\u00fchzeitig bekannt zu geben und die Partie vor der<br>n\u00e4chsten Runde m\u00f6glichst vorzuspielen. Wenn ein Vorspielen nicht m\u00f6glich sein sollte, ist mit der<br>Absage gleich ein neuer vereinbarter Termin bekannt zu geben. Der Gegner der\/des Absagenden<br>schl\u00e4gt drei Termine vor, von dem einer angenommen werden muss. Im Zweifelsfalle setzt der<br>Turnierleiter einen neuen Termin fest.<\/li>\n<\/ul>\n\n\n\n<p><strong>Anmeldung bis 12.09.2024 an: heiko.spaan@web.de<\/strong><\/p>\n\n\n\n<p><\/p>\n\n\n\n<figure class=\"wp-block-gallery has-nested-images columns-default is-cropped wp-block-gallery-1 is-layout-flex wp-block-gallery-is-layout-flex\"><\/figure>\n","protected":false},"excerpt":{"rendered":"<p>Vereinsmeisterschaft 2024\/2025 Chessresult 2024\/2025 Anmeldung bis 12.09.2024 an: heiko.spaan@web.de<\/p>\n","protected":false},"author":24,"featured_media":0,"parent":67,"menu_order":1,"comment_status":"closed","ping_status":"closed","template":"","meta":{"_bbp_topic_count":0,"_bbp_reply_count":0,"_bbp_total_topic_count":0,"_bbp_total_reply_count":0,"_bbp_voice_count":0,"_bbp_anonymous_reply_count":0,"_bbp_topic_count_hidden":0,"_bbp_reply_count_hidden":0,"_bbp_forum_subforum_count":0,"footnotes":""},"class_list":["post-1641","page","type-page","status-publish","hentry"],"_links":{"self":[{"href":"https:\/\/www.elmshorner-schachclub.de\/index.php\/wp-json\/wp\/v2\/pages\/1641","targetHints":{"allow":["GET"]}}],"collection":[{"href":"https:\/\/www.elmshorner-schachclub.de\/index.php\/wp-json\/wp\/v2\/pages"}],"about":[{"href":"https:\/\/www.elmshorner-schachclub.de\/index.php\/wp-json\/wp\/v2\/types\/page"}],"author":[{"embeddable":true,"href":"https:\/\/www.elmshorner-schachclub.de\/index.php\/wp-json\/wp\/v2\/users\/24"}],"replies":[{"embeddable":true,"href":"https:\/\/www.elmshorner-schachclub.de\/index.php\/wp-json\/wp\/v2\/comments?post=1641"}],"version-history":[{"count":45,"href":"https:\/\/www.elmshorner-schachclub.de\/index.php\/wp-json\/wp\/v2\/pages\/1641\/revisions"}],"predecessor-version":[{"id":3304,"href":"https:\/\/www.elmshorner-schachclub.de\/index.php\/wp-json\/wp\/v2\/pages\/1641\/revisions\/3304"}],"up":[{"embeddable":true,"href":"https:\/\/www.elmshorner-schachclub.de\/index.php\/wp-json\/wp\/v2\/pages\/67"}],"wp:attachment":[{"href":"https:\/\/www.elmshorner-schachclub.de\/index.php\/wp-json\/wp\/v2\/media?parent=1641"}],"curies":[{"name":"wp","href":"https:\/\/api.w.org\/{rel}","templated":true}]}}